{"id":1880,"date":"2022-04-20T13:12:07","date_gmt":"2022-04-20T13:12:07","guid":{"rendered":"https:\/\/recruiting.news-verlag.de\/?page_id=1880"},"modified":"2026-01-07T09:07:56","modified_gmt":"2026-01-07T09:07:56","slug":"impressum","status":"publish","type":"page","link":"https:\/\/recruiting.news-verlag.de\/index.php\/impressum\/","title":{"rendered":"Impressum"},"content":{"rendered":"\t\t<div data-elementor-type=\"wp-page\" data-elementor-id=\"1880\" class=\"elementor elementor-1880\" data-elementor-post-type=\"page\">\n\t\t\t\t\t\t<section class=\"elementor-section elementor-top-section elementor-element elementor-element-3cdd0f2 elementor-section-boxed elementor-section-height-default elementor-section-height-default\" data-id=\"3cdd0f2\" data-element_type=\"section\" data-e-type=\"section\">\n\t\t\t\t\t\t<div class=\"elementor-container elementor-column-gap-default\">\n\t\t\t\t\t<div class=\"elementor-column elementor-col-100 elementor-top-column elementor-element elementor-element-1974d9e\" data-id=\"1974d9e\" data-element_type=\"column\" data-e-type=\"column\">\n\t\t\t<div class=\"elementor-widget-wrap elementor-element-populated\">\n\t\t\t\t\t\t<div class=\"elementor-element elementor-element-bd4360e elementor-widget elementor-widget-html\" data-id=\"bd4360e\" data-element_type=\"widget\" data-e-type=\"widget\" data-widget_type=\"html.default\">\n\t\t\t\t<div class=\"elementor-widget-container\">\n\t\t\t\t\t<h1>Impressum<\/h1>\r\n\r\n<p>News Verlag GmbH &amp; Co KG<br \/>\r\nBr&uuml;ckenstra&szlig;e 11<br \/>\r\n63987 Miltenberg<\/p>\r\n\r\n<p>Handelsregister: HRA5478<br \/>\r\nRegistergericht: AG Aschaffenburg<\/p>\r\n\r\n<p>Vertreten durch die pers\u00f6nlich haftende Gesellschafterin:<br \/>\r\nNews Direkt GmbH<br \/>\r\nSitz: Miltenberg, Registergericht: AG Aschaffenburg HRB 13141<\/p>\r\n\r\n<p>Diese vertreten durch die Gesch\u00e4ftsf\u00fchrer:<br \/>\r\nCharles Henri R&uuml;ttiger\r\n<br>Andr\u00e9 R\u00fcttiger<\/p>\r\n\r\n\r\n<h2>Kontakt<\/h2>\r\n<p>Telefon: 09371 955 0<br \/>\r\nTelefax: 09371 955 155<br \/>\r\nE-Mail: info@news-verlag.de<\/p>\r\n\r\n<h2>Umsatzsteuer-ID<\/h2>\r\n<p>Umsatzsteuer-Identifikationsnummer gem&auml;&szlig; &sect; 27 a Umsatzsteuergesetz:<br \/>\r\nDE131874123<\/p>\r\n\r\n<h2>Redaktionell verantwortlich<\/h2>\r\n<p>Charles Henri R&uuml;ttiger<br \/>\r\nAndr&eacute; R&uuml;ttiger<\/p>\r\n\r\n<h2>EU-Streitschlichtung<\/h2>\r\n<p>Die Europ&auml;ische Kommission stellt eine Plattform zur Online-Streitbeilegung (OS) bereit: <a href=\"https:\/\/ec.europa.eu\/consumers\/odr\/\" target=\"_blank\" rel=\"noopener noreferrer\">https:\/\/ec.europa.eu\/consumers\/odr\/<\/a>.<br \/> Unsere E-Mail-Adresse finden Sie oben im Impressum.<\/p>\r\n\r\n<h2>Verbraucher&shy;streit&shy;beilegung\/Universal&shy;schlichtungs&shy;stelle<\/h2>\r\n<p>Wir sind nicht bereit oder verpflichtet, an Streitbeilegungsverfahren vor einer Verbraucherschlichtungsstelle teilzunehmen.<\/p>\r\n\r\n\r\n<p>Quelle: <a href=\"https:\/\/www.e-recht24.de\" target=\"_blank\" rel=\"noopener\">e-recht24.de<\/a><\/p>\r\n\r\n<h2>\r\nKonzept und Gestaltung der Webseite:<\/h2>\r\n<p>News Creativ\r\n<br>News Verlag GmbH & Co. KG<br>\r\nBr\u00fcckenstra\u00dfe 11<br>\r\n63897 Miltenberg<br>\r\nTelefon 09371 955 0<br>\r\n<a href=\"https:\/\/www.news-creativ.de\" target=\"_blank\" rel=\"noopener\">www.news-creativ.de<\/a><\/p>\r\n\t\t\t\t<\/div>\n\t\t\t\t<\/div>\n\t\t\t\t\t<\/div>\n\t\t<\/div>\n\t\t\t\t\t<\/div>\n\t\t<\/section>\n\t\t\t\t<\/div>\n\t\t","protected":false},"excerpt":{"rendered":"<p>Impressum News Verlag GmbH &amp; Co KG Br&uuml;ckenstra&szlig;e 11 63987 Miltenberg Handelsregister: HRA5478 Registergericht: AG Aschaffenburg Vertreten durch die pers\u00f6nlich haftende Gesellschafterin: News Direkt GmbH Sitz: Miltenberg, Registergericht: AG Aschaffenburg HRB 13141 Diese vertreten durch die Gesch\u00e4ftsf\u00fchrer: Charles Henri R&uuml;ttiger Andr\u00e9 R\u00fcttiger Kontakt Telefon: 09371 955 0 Telefax: 09371 955 155 E-Mail: info@news-verlag.de Umsatzsteuer-ID Umsatzsteuer-Identifikationsnummer [&hellip;]<\/p>\n","protected":false},"author":1,"featured_media":0,"parent":0,"menu_order":0,"comment_status":"closed","ping_status":"closed","template":"","meta":{"site-sidebar-layout":"no-sidebar","site-content-layout":"page-builder","ast-site-content-layout":"default","site-content-style":"default","site-sidebar-style":"default","ast-global-header-display":"","ast-banner-title-visibility":"","ast-main-header-display":"","ast-hfb-above-header-display":"","ast-hfb-below-header-display":"","ast-hfb-mobile-header-display":"","site-post-title":"disabled","ast-breadcrumbs-content":"","ast-featured-img":"disabled","footer-sml-layout":"","ast-disable-related-posts":"","theme-transparent-header-meta":"","adv-header-id-meta":"","stick-header-meta":"","header-above-stick-meta":"","header-main-stick-meta":"","header-below-stick-meta":"","astra-migrate-meta-layouts":"default","ast-page-background-enabled":"default","ast-page-background-meta":{"desktop":{"background-color":"var(--ast-global-color-4)","background-image":"","background-repeat":"repeat","background-position":"center center","background-size":"auto","background-attachment":"scroll","background-type":"","background-media":"","overlay-type":"","overlay-color":"","overlay-opacity":"","overlay-gradient":""},"tablet":{"background-color":"","background-image":"","background-repeat":"repeat","background-position":"center center","background-size":"auto","background-attachment":"scroll","background-type":"","background-media":"","overlay-type":"","overlay-color":"","overlay-opacity":"","overlay-gradient":""},"mobile":{"background-color":"","background-image":"","background-repeat":"repeat","background-position":"center center","background-size":"auto","background-attachment":"scroll","background-type":"","background-media":"","overlay-type":"","overlay-color":"","overlay-opacity":"","overlay-gradient":""}},"ast-content-background-meta":{"desktop":{"background-color":"var(--ast-global-color-5)","background-image":"","background-repeat":"repeat","background-position":"center center","background-size":"auto","background-attachment":"scroll","background-type":"","background-media":"","overlay-type":"","overlay-color":"","overlay-opacity":"","overlay-gradient":""},"tablet":{"background-color":"var(--ast-global-color-5)","background-image":"","background-repeat":"repeat","background-position":"center center","background-size":"auto","background-attachment":"scroll","background-type":"","background-media":"","overlay-type":"","overlay-color":"","overlay-opacity":"","overlay-gradient":""},"mobile":{"background-color":"var(--ast-global-color-5)","background-image":"","background-repeat":"repeat","background-position":"center center","background-size":"auto","background-attachment":"scroll","background-type":"","background-media":"","overlay-type":"","overlay-color":"","overlay-opacity":"","overlay-gradient":""}},"footnotes":""},"class_list":["post-1880","page","type-page","status-publish","hentry"],"_links":{"self":[{"href":"https:\/\/recruiting.news-verlag.de\/index.php\/wp-json\/wp\/v2\/pages\/1880","targetHints":{"allow":["GET"]}}],"collection":[{"href":"https:\/\/recruiting.news-verlag.de\/index.php\/wp-json\/wp\/v2\/pages"}],"about":[{"href":"https:\/\/recruiting.news-verlag.de\/index.php\/wp-json\/wp\/v2\/types\/page"}],"author":[{"embeddable":true,"href":"https:\/\/recruiting.news-verlag.de\/index.php\/wp-json\/wp\/v2\/users\/1"}],"replies":[{"embeddable":true,"href":"https:\/\/recruiting.news-verlag.de\/index.php\/wp-json\/wp\/v2\/comments?post=1880"}],"version-history":[{"count":10,"href":"https:\/\/recruiting.news-verlag.de\/index.php\/wp-json\/wp\/v2\/pages\/1880\/revisions"}],"predecessor-version":[{"id":3144,"href":"https:\/\/recruiting.news-verlag.de\/index.php\/wp-json\/wp\/v2\/pages\/1880\/revisions\/3144"}],"wp:attachment":[{"href":"https:\/\/recruiting.news-verlag.de\/index.php\/wp-json\/wp\/v2\/media?parent=1880"}],"curies":[{"name":"wp","href":"https:\/\/api.w.org\/{rel}","templated":true}]}}